{"id":1760,"date":"2024-05-02T08:30:17","date_gmt":"2024-05-02T08:30:17","guid":{"rendered":"https:\/\/prisme.es\/?page_id=1760"},"modified":"2024-05-03T07:42:00","modified_gmt":"2024-05-03T07:42:00","slug":"politica-de-privacidad","status":"publish","type":"page","link":"https:\/\/www.prisme.es\/fra\/politica-de-privacidad\/","title":{"rendered":"Politique de confidentialit\u00e9"},"content":{"rendered":"<div data-elementor-type=\"wp-post\" data-elementor-id=\"1760\" class=\"elementor elementor-1760\" data-elementor-post-type=\"page\">\n\t\t\t\t\t\t<header class=\"elementor-section elementor-top-section elementor-element elementor-element-b99dcd7 elementor-section-height-min-height elementor-section-content-bottom elementor-section-boxed elementor-section-height-default elementor-section-items-middle\" data-id=\"b99dcd7\" data-element_type=\"section\" data-settings=\"{&quot;background_background&quot;:&quot;classic&quot;}\">\n\t\t\t\t\t\t\t<div class=\"elementor-background-overlay\"><\/div>\n\t\t\t\t\t\t\t<div class=\"elementor-container elementor-column-gap-default\">\n\t\t\t\t\t<div class=\"elementor-column elementor-col-100 elementor-top-column elementor-element elementor-element-2b0cb33 animated-slow elementor-invisible\" data-id=\"2b0cb33\" data-element_type=\"column\" data-settings=\"{&quot;animation&quot;:&quot;fadeInUp&quot;}\">\n\t\t\t<div class=\"elementor-widget-wrap elementor-element-populated\">\n\t\t\t\t\t\t<div class=\"elementor-element elementor-element-33df84f elementor-widget__width-initial elementor-widget elementor-widget-heading\" data-id=\"33df84f\" data-element_type=\"widget\" data-widget_type=\"heading.default\">\n\t\t\t\t<div class=\"elementor-widget-container\">\n\t\t\t\t\t<h1 class=\"elementor-heading-title elementor-size-default\">Politique de confidentialit\u00e9<\/h1>\t\t\t\t<\/div>\n\t\t\t\t<\/div>\n\t\t\t\t\t<\/div>\n\t\t<\/div>\n\t\t\t\t\t<\/div>\n\t\t<\/header>\n\t\t\t\t<section class=\"elementor-section elementor-top-section elementor-element elementor-element-cedb67f elementor-section-boxed elementor-section-height-default elementor-section-height-default\" data-id=\"cedb67f\" data-element_type=\"section\" data-settings=\"{&quot;background_background&quot;:&quot;classic&quot;}\">\n\t\t\t\t\t\t<div class=\"elementor-container elementor-column-gap-default\">\n\t\t\t\t\t<div class=\"elementor-column elementor-col-100 elementor-top-column elementor-element elementor-element-1be7c9b\" data-id=\"1be7c9b\" data-element_type=\"column\">\n\t\t\t<div class=\"elementor-widget-wrap elementor-element-populated\">\n\t\t\t\t\t\t<div class=\"elementor-element elementor-element-ba49739 elementor-widget elementor-widget-spacer\" data-id=\"ba49739\" data-element_type=\"widget\" data-widget_type=\"spacer.default\">\n\t\t\t\t<div class=\"elementor-widget-container\">\n\t\t\t\t\t\t\t<div class=\"elementor-spacer\">\n\t\t\t<div class=\"elementor-spacer-inner\"><\/div>\n\t\t<\/div>\n\t\t\t\t\t\t<\/div>\n\t\t\t\t<\/div>\n\t\t\t\t<div class=\"elementor-element elementor-element-d33ee92 elementor-widget__width-initial elementor-widget elementor-widget-text-editor\" data-id=\"d33ee92\" data-element_type=\"widget\" data-widget_type=\"text-editor.default\">\n\t\t\t\t<div class=\"elementor-widget-container\">\n\t\t\t\t\t\t\t\t\t<div><em style=\"font-weight: bolder; color: var( --e-global-color-text );\">I. Introducci\u00f3n<br><\/em><\/div>\n<p>Fotify Business Advisers, S.L. (\u201cPrisme\u201d) est\u00e1 firmemente comprometida con la protecci\u00f3n de datos personales. Esta declaraci\u00f3n de privacidad describe por qu\u00e9 y c\u00f3mo recopilamos y usamos datos personales. Se aplica a los datos personales que nos proporcionan, tanto los propios interesados como los recibidos a trav\u00e9s de terceros. Podemos utilizar los datos personales que nos proporcione para cualquiera de los fines que indiquemos en el momento de la recolecci\u00f3n. Prisme procesa datos personales para numerosos fines, y los medios de recogida, bases legales de procesamiento, uso, divulgaci\u00f3n y per\u00edodos de retenci\u00f3n para cada prop\u00f3sito pueden ser diferentes. Al recopilar y utilizar datos personales, nuestra pol\u00edtica es ser transparente sobre por qu\u00e9 y c\u00f3mo procesamos los datos personales, es por esto que en cada recogida de datos se informa de todos los aspectos anteriores, enfocados a cada supuesto en concreto.<\/p>\n<div>\n<p><span style=\"font-weight: bolder;\"><em>II. Seguridad<br><\/em><\/span><span style=\"color: var( --e-global-color-text );\">Contamos con un marco de pol\u00edticas, procedimientos y planes de formaci\u00f3n que cubren las obligaciones de protecci\u00f3n de datos, confidencialidad y seguridad. Y que regularmente revisa la idoneidad de las medidas de seguridad implementadas para mantener la informaci\u00f3n que procesamos segura.<\/span><\/p>\n<\/div>\n<p><em><b>III. <strong>Cu\u00e1ndo y c\u00f3mo compartimos datos personales y ubicaciones de procesamiento<br><\/strong><\/b><\/em><span style=\"color: var( --e-global-color-text );\">Solo compartiremos datos personales con terceros cuando se nos permita legalmente hacerlo. Cuando compartimos datos con terceros, establecemos acuerdos contractuales y mecanismos de seguridad seg\u00fan corresponda para proteger los datos y cumplir con nuestros est\u00e1ndares de protecci\u00f3n, confidencialidad y seguridad de datos. Podemos trabajar conjuntamente con otros proveedores de servicios profesionales, que pueden ayudarnos a gestionar nuestro negocio. Algunos de estos terceros pueden estar ubicados en otros pa\u00edses, por lo que los datos personales pueden transferirse fuera de los pa\u00edses donde estamos ubicados nosotros y nuestros clientes. Esto incluye a pa\u00edses fuera de la Uni\u00f3n Europea y a pa\u00edses que no tienen leyes que brinden protecci\u00f3n espec\u00edfica para los datos personales. Hemos tomado medidas para garantizar que todos los datos personales reciban una protecci\u00f3n adecuada y que todas las transferencias de datos personales fuera de la UE se realicen legalmente. Cuando transfiramos datos personales fuera de la UE a un pa\u00eds que la Comisi\u00f3n Europea no determine que proporciona un nivel adecuado de protecci\u00f3n para los datos personales, las transferencias se realizar\u00e1n bajo un acuerdo que cubre los requisitos de la UE para la transferencia de datos personales fuera de la UE, como las cl\u00e1usulas contractuales est\u00e1ndar aprobadas por la Comisi\u00f3n Europea. Cumpliendo con los requisitos recogidos en los p\u00e1rrafos anteriores, los datos personales que tratamos pueden transferirse a:<\/span><\/p>\n<p><\/p>\n<p>&#8211; Terceros que nos prestan servicios de IT: utilizamos terceros para que nos ayuden a proporcionar nuestros servicios y para ayudar a proporcionar, ejecutar y administrar nuestros sistemas inform\u00e1ticos internos. Por ejemplo, proveedores de tecnolog\u00eda de la informaci\u00f3n, proveedores de software como servicio en la nube, alojamiento y gesti\u00f3n de sitios web, copia de seguridad de datos, y almacenamiento. Los servidores que alimentan y facilitan esa infraestructura en la nube est\u00e1n ubicados en centros de datos seguros en todo el mundo, y los datos personales pueden almacenarse en cualquiera de ellos.<\/p>\n<p><\/p>\n<p>&#8211; Terceros que nos ayudan en la prestaci\u00f3n de los servicios: podemos trabajar con otros proveedores para ayudarnos a proporcionar servicios profesionales a nuestros clientes. En estos casos se firmar\u00e1n los correspondientes contratos que legitimen el tratamiento de los datos por parte de estos terceros.<\/p>\n<p><\/p>\n<p>&#8211; Aseguradores y asesores profesionales: en la prestaci\u00f3n de los servicios podemos tener que compartir datos con nuestros aseguradores y\/o asesores profesionales. En estos casos se firmar\u00e1n los correspondientes contratos que legitimen el tratamiento de los datos por parte de estos terceros.<\/p>\n<p><\/p>\n<p>&#8211; Cumplimiento de la ley o entidades reguladoras: podemos recibir solicitudes de informaci\u00f3n por parte de Autoridades o entidades reguladoras que supongan la divulgaci\u00f3n de datos personales, esta petici\u00f3n puede ser para verificar que estamos cumpliendo con las leyes y regulaciones aplicables O para investigar un presunto delito. Estas peticiones ser\u00e1n atendidas teniendo como base legitimadora la obligaci\u00f3n legal existente.<\/p>\n<p><span style=\"background-color: transparent; color: var( --e-global-color-text );\"><br><\/span><span style=\"font-weight: bolder;\"><em>IV. <strong>Cambios a esta declaraci\u00f3n de privacidad<br><\/strong><\/em><\/span><span style=\"color: var( --e-global-color-text );\">El presente aviso de privacidad puede sufrir modificaciones, cambios o actualizaciones derivadas de nuevos requerimientos legales. El presente documento ser\u00e1 siempre la versi\u00f3n actualizada, adaptada a los nuevos requerimientos. Los interesados podr\u00e1n ejercitar los derechos de acceso, rectificaci\u00f3n, cancelaci\u00f3n u oposici\u00f3n, a trav\u00e9s de la siguiente direcci\u00f3n de correo electr\u00f3nico: <\/span><strong style=\"color: var( --e-global-color-text );\"><u>contacto@prisme.es<\/u><\/strong><span style=\"color: var( --e-global-color-text );\">.<\/span><\/p>\t\t\t\t\t\t\t\t<\/div>\n\t\t\t\t<\/div>\n\t\t\t\t\t<\/div>\n\t\t<\/div>\n\t\t\t\t\t<\/div>\n\t\t<\/section>\n\t\t\t\t<\/div>","protected":false},"excerpt":{"rendered":"<p>Pol\u00edtica de Privacidad I. Introducci\u00f3n Fotify Business Advisers, S.L. (\u201cPrisme\u201d) est\u00e1 firmemente comprometida con la protecci\u00f3n de datos personales. Esta declaraci\u00f3n de privacidad describe por qu\u00e9 y c\u00f3mo recopilamos y usamos datos personales. Se aplica a los datos personales que nos proporcionan, tanto los propios interesados como los recibidos a trav\u00e9s de terceros. Podemos utilizar [&hellip;]<\/p>","protected":false},"author":1,"featured_media":0,"parent":0,"menu_order":0,"comment_status":"closed","ping_status":"closed","template":"","meta":{"om_disable_all_campaigns":false,"footnotes":""},"class_list":["post-1760","page","type-page","status-publish","hentry"],"_links":{"self":[{"href":"https:\/\/www.prisme.es\/fra\/wp-json\/wp\/v2\/pages\/1760","targetHints":{"allow":["GET"]}}],"collection":[{"href":"https:\/\/www.prisme.es\/fra\/wp-json\/wp\/v2\/pages"}],"about":[{"href":"https:\/\/www.prisme.es\/fra\/wp-json\/wp\/v2\/types\/page"}],"author":[{"embeddable":true,"href":"https:\/\/www.prisme.es\/fra\/wp-json\/wp\/v2\/users\/1"}],"replies":[{"embeddable":true,"href":"https:\/\/www.prisme.es\/fra\/wp-json\/wp\/v2\/comments?post=1760"}],"version-history":[{"count":8,"href":"https:\/\/www.prisme.es\/fra\/wp-json\/wp\/v2\/pages\/1760\/revisions"}],"predecessor-version":[{"id":2942,"href":"https:\/\/www.prisme.es\/fra\/wp-json\/wp\/v2\/pages\/1760\/revisions\/2942"}],"wp:attachment":[{"href":"https:\/\/www.prisme.es\/fra\/wp-json\/wp\/v2\/media?parent=1760"}],"curies":[{"name":"wp","href":"https:\/\/api.w.org\/{rel}","templated":true}]}}